{"id":27,"date":"2025-04-25T13:14:01","date_gmt":"2025-04-25T13:14:01","guid":{"rendered":"https:\/\/impact-marketing-berlin.de\/?page_id=27"},"modified":"2025-06-17T10:08:35","modified_gmt":"2025-06-17T10:08:35","slug":"about","status":"publish","type":"page","link":"https:\/\/impact-marketing-berlin.de\/de\/about\/","title":{"rendered":"\u00dcber uns"},"content":{"rendered":"<div data-elementor-type=\"wp-page\" data-elementor-id=\"27\" class=\"elementor elementor-27\">\n\t\t\t\t<div class=\"elementor-element elementor-element-3aaf22f e-flex e-con-boxed e-con e-parent\" data-id=\"3aaf22f\" data-element_type=\"container\" data-e-type=\"container\" data-settings=\"{&quot;background_background&quot;:&quot;classic&quot;}\">\n\t\t\t\t\t<div class=\"e-con-inner\">\n\t\t<div class=\"elementor-element elementor-element-308d9a0 e-con-full e-flex e-con e-child\" data-id=\"308d9a0\" data-element_type=\"container\" data-e-type=\"container\">\n\t\t\t\t<div class=\"elementor-element elementor-element-4114229 elementor-widget elementor-widget-elementskit-heading\" data-id=\"4114229\" data-element_type=\"widget\" data-e-type=\"widget\" data-widget_type=\"elementskit-heading.default\">\n\t\t\t\t<div class=\"elementor-widget-container\">\n\t\t\t\t\t<div class=\"ekit-wid-con\" ><div class=\"ekit-heading elementskit-section-title-wraper text_center   ekit_heading_tablet-   ekit_heading_mobile-\"><span class=\"ekit-heading--title elementskit-section-title\">\u00dcber uns<\/span><\/div><\/div>\t\t\t\t<\/div>\n\t\t\t\t<\/div>\n\t\t\t\t<\/div>\n\t\t\t\t\t<\/div>\n\t\t\t\t<\/div>\n\t\t<div class=\"elementor-element elementor-element-c95b044 e-flex e-con-boxed e-con e-parent\" data-id=\"c95b044\" data-element_type=\"container\" data-e-type=\"container\" data-settings=\"{&quot;background_background&quot;:&quot;classic&quot;}\">\n\t\t\t\t\t<div class=\"e-con-inner\">\n\t\t<div class=\"elementor-element elementor-element-26302ee0 e-con-full e-flex e-con e-child\" data-id=\"26302ee0\" data-element_type=\"container\" data-e-type=\"container\">\n\t\t\t\t<div class=\"elementor-element elementor-element-65b5dc9c elementor-widget__width-initial elementor-widget elementor-widget-elementskit-heading\" data-id=\"65b5dc9c\" data-element_type=\"widget\" data-e-type=\"widget\" data-widget_type=\"elementskit-heading.default\">\n\t\t\t\t<div class=\"elementor-widget-container\">\n\t\t\t\t\t<div class=\"ekit-wid-con\" ><div class=\"ekit-heading elementskit-section-title-wraper text_left   ekit_heading_tablet-   ekit_heading_mobile-\"><h2 class=\"ekit-heading--title elementskit-section-title\">\u00dcber<\/h2><\/div><\/div>\t\t\t\t<\/div>\n\t\t\t\t<\/div>\n\t\t\t\t<\/div>\n\t\t<div class=\"elementor-element elementor-element-5a5c886a e-con-full e-flex e-con e-child\" data-id=\"5a5c886a\" data-element_type=\"container\" data-e-type=\"container\">\n\t\t\t\t<div class=\"elementor-element elementor-element-56547ce4 elementor-widget elementor-widget-text-editor\" data-id=\"56547ce4\" data-element_type=\"widget\" data-e-type=\"widget\" data-widget_type=\"text-editor.default\">\n\t\t\t\t<div class=\"elementor-widget-container\">\n\t\t\t\t\t\t\t\t\t<p>Dies ist eine Beispielseite. Anders als Beitr\u00e4ge, die auf der Startseite deines Blogs in der Reihenfolge ihrer Ver\u00f6ffentlichung angezeigt werden, sind Seiten besser f\u00fcr zeitlose Inhalte wie Profil- oder Kontaktinformationen geeignet, von denen du m\u00f6chtest, dass sie leicht auffindbar sind. Klicke auf den \u201eBearbeiten\u201c-Link, um \u00c4nderungen an dieser Seite vorzunehmen oder\u00a0<a title=\"Direktlink zu \u201aNeue Seite hinzuf\u00fcgen\u2018 in deinem Dashboard\" href=\"https:\/\/wordpress.com\/page\/240375801\/new\/\">eine neue Seite hinzuzuf\u00fcgen<\/a>.<\/p>\t\t\t\t\t\t\t\t<\/div>\n\t\t\t\t<\/div>\n\t\t\t\t<\/div>\n\t\t\t\t\t<\/div>\n\t\t\t\t<\/div>\n\t\t<div class=\"elementor-element elementor-element-1ca8364 e-flex e-con-boxed e-con e-parent\" data-id=\"1ca8364\" data-element_type=\"container\" data-e-type=\"container\" data-settings=\"{&quot;background_background&quot;:&quot;classic&quot;,&quot;background_motion_fx_motion_fx_scrolling&quot;:&quot;yes&quot;,&quot;background_motion_fx_translateX_effect&quot;:&quot;yes&quot;,&quot;background_motion_fx_range&quot;:&quot;viewport&quot;,&quot;background_motion_fx_translateX_speed&quot;:{&quot;unit&quot;:&quot;px&quot;,&quot;size&quot;:4,&quot;sizes&quot;:[]},&quot;background_motion_fx_translateX_affectedRange&quot;:{&quot;unit&quot;:&quot;%&quot;,&quot;size&quot;:&quot;&quot;,&quot;sizes&quot;:{&quot;start&quot;:0,&quot;end&quot;:100}},&quot;background_motion_fx_devices&quot;:[&quot;desktop&quot;,&quot;tablet&quot;,&quot;mobile&quot;]}\">\n\t\t\t\t\t<div class=\"e-con-inner\">\n\t\t\t\t<div class=\"elementor-element elementor-element-df38663 elementor-hidden-desktop elementor-hidden-tablet elementor-hidden-mobile ekit-equal-height-disable elementor-widget elementor-widget-elementskit-icon-box\" data-id=\"df38663\" data-element_type=\"widget\" data-e-type=\"widget\" data-widget_type=\"elementskit-icon-box.default\">\n\t\t\t\t<div class=\"elementor-widget-container\">\n\t\t\t\t\t<div class=\"ekit-wid-con\" >        <!-- link opening -->\n                <!-- end link opening -->\n\n        <div class=\"elementskit-infobox text-left text-left icon-lef-right-aligin elementor-animation- media\">\n                            <div class=\"elementskit-box-header\">\n                <div class=\"elementskit-info-box-icon text-center\">\n                    <img decoding=\"async\" width=\"108\" height=\"66\" src=\"https:\/\/impact-marketing-berlin.de\/wp-content\/uploads\/2025\/04\/10years-1.png\" class=\"attachment- size-\" alt=\"\" \/>                <\/div>\n          <\/div>\n                <div class=\"box-body\">\n                            <span class=\"elementskit-info-box-title\">\n                    Stolz darauf, seit zehn Jahren im Gesch\u00e4ft zu sein                <\/span>\n                                            <\/div>\n        \n        \n                <\/div>\n        <\/div>\t\t\t\t<\/div>\n\t\t\t\t<\/div>\n\t\t<div class=\"elementor-element elementor-element-3e12a1f e-con-full e-flex e-con e-child\" data-id=\"3e12a1f\" data-element_type=\"container\" data-e-type=\"container\">\n\t\t\t\t<div class=\"elementor-element elementor-element-1eb0bff elementor-widget elementor-widget-elementskit-funfact\" data-id=\"1eb0bff\" data-element_type=\"widget\" data-e-type=\"widget\" data-widget_type=\"elementskit-funfact.default\">\n\t\t\t\t<div class=\"elementor-widget-container\">\n\t\t\t\t\t<div class=\"ekit-wid-con\" >\n\t\t<div class=\"elementskit-funfact text-center\">\n\t\t\t\n\t\t\t<div class=\"elementskit-funfact-inner position_top\">\n\t\t\t\t\t\t\t\t\t<div class=\"funfact-icon\">\n\t\t\t\t\t\t\t\t\t\t\t<\/div>\n\t\t\t\t\n\t\t\t\t<div class=\"funfact-content\">\n\t\t\t\t\t<div class=\"number-percentage-wraper\">\n\t\t\t\t\t\t\t\t\t\t\t\t<span class=\"number-percentage\"\n\t\t\t\t\t\t      data-value=\"8\"\n\t\t\t\t\t\t      data-animation-duration=\"3500\"\n\t\t\t\t\t\t\t  data-style=\"static\">0<\/span>\n\t\t\t\t\t\t+\t\t\t\t\t\t\t\t\t\t\t<\/div>\n\n\t\t\t\t\t<span class=\"funfact-title\">Jahre<\/span>\t\t\t\t\t\t\t\t<\/div>\n\t\t<\/div>\n\t\t<\/div>\n\n\n\t\t<\/div>\t\t\t\t<\/div>\n\t\t\t\t<\/div>\n\t\t\t\t<div class=\"elementor-element elementor-element-cfab55d elementor-widget elementor-widget-elementskit-funfact\" data-id=\"cfab55d\" data-element_type=\"widget\" data-e-type=\"widget\" data-widget_type=\"elementskit-funfact.default\">\n\t\t\t\t<div class=\"elementor-widget-container\">\n\t\t\t\t\t<div class=\"ekit-wid-con\" >\n\t\t<div class=\"elementskit-funfact text-center\">\n\t\t\t\n\t\t\t<div class=\"elementskit-funfact-inner position_top\">\n\t\t\t\t\t\t\t\t\t<div class=\"funfact-icon\">\n\t\t\t\t\t\t\t\t\t\t\t<\/div>\n\t\t\t\t\n\t\t\t\t<div class=\"funfact-content\">\n\t\t\t\t\t<div class=\"number-percentage-wraper\">\n\t\t\t\t\t\t\t\t\t\t\t\t<span class=\"number-percentage\"\n\t\t\t\t\t\t      data-value=\"35\"\n\t\t\t\t\t\t      data-animation-duration=\"3500\"\n\t\t\t\t\t\t\t  data-style=\"static\">0<\/span>\n\t\t\t\t\t\t+\t\t\t\t\t\t\t\t\t\t\t<\/div>\n\n\t\t\t\t\t<span class=\"funfact-title\">Kunden bedient<\/span>\t\t\t\t\t\t\t\t<\/div>\n\t\t<\/div>\n\t\t<\/div>\n\n\n\t\t<\/div>\t\t\t\t<\/div>\n\t\t\t\t<\/div>\n\t\t\t\t<div class=\"elementor-element elementor-element-b46cdcc elementor-widget elementor-widget-elementskit-funfact\" data-id=\"b46cdcc\" data-element_type=\"widget\" data-e-type=\"widget\" data-widget_type=\"elementskit-funfact.default\">\n\t\t\t\t<div class=\"elementor-widget-container\">\n\t\t\t\t\t<div class=\"ekit-wid-con\" >\n\t\t<div class=\"elementskit-funfact text-center\">\n\t\t\t\n\t\t\t<div class=\"elementskit-funfact-inner position_top\">\n\t\t\t\t\t\t\t\t\t<div class=\"funfact-icon\">\n\t\t\t\t\t\t\t\t\t\t\t<\/div>\n\t\t\t\t\n\t\t\t\t<div class=\"funfact-content\">\n\t\t\t\t\t<div class=\"number-percentage-wraper\">\n\t\t\t\t\t\t\t\t\t\t\t\t<span class=\"number-percentage\"\n\t\t\t\t\t\t      data-value=\"6\"\n\t\t\t\t\t\t      data-animation-duration=\"3500\"\n\t\t\t\t\t\t\t  data-style=\"static\">0<\/span>\n\t\t\t\t\t\t+\t\t\t\t\t\t\t\t\t\t\t<\/div>\n\n\t\t\t\t\t<span class=\"funfact-title\">Belieferte L\u00e4nder<\/span>\t\t\t\t\t\t\t\t<\/div>\n\t\t<\/div>\n\t\t<\/div>\n\n\n\t\t<\/div>\t\t\t\t<\/div>\n\t\t\t\t<\/div>\n\t\t\t\t<div class=\"elementor-element elementor-element-71685c1 elementor-widget elementor-widget-elementskit-funfact\" data-id=\"71685c1\" data-element_type=\"widget\" data-e-type=\"widget\" data-widget_type=\"elementskit-funfact.default\">\n\t\t\t\t<div class=\"elementor-widget-container\">\n\t\t\t\t\t<div class=\"ekit-wid-con\" >\n\t\t<div class=\"elementskit-funfact text-center\">\n\t\t\t\n\t\t\t<div class=\"elementskit-funfact-inner position_top\">\n\t\t\t\t\t\t\t\t\t<div class=\"funfact-icon\">\n\t\t\t\t\t\t\t\t\t\t\t<\/div>\n\t\t\t\t\n\t\t\t\t<div class=\"funfact-content\">\n\t\t\t\t\t<div class=\"number-percentage-wraper\">\n\t\t\t\t\t\t\t\t\t\t\t\t<span class=\"number-percentage\"\n\t\t\t\t\t\t      data-value=\"16\"\n\t\t\t\t\t\t      data-animation-duration=\"3500\"\n\t\t\t\t\t\t\t  data-style=\"static\">0<\/span>\n\t\t\t\t\t\t+\t\t\t\t\t\t\t\t\t\t\t<\/div>\n\n\t\t\t\t\t<span class=\"funfact-title\">Teamerfahrung<\/span>\t\t\t\t\t\t\t\t<\/div>\n\t\t<\/div>\n\t\t<\/div>\n\n\n\t\t<\/div>\t\t\t\t<\/div>\n\t\t\t\t<\/div>\n\t\t\t\t<div class=\"elementor-element elementor-element-5a97cf3 elementor-widget elementor-widget-elementskit-funfact\" data-id=\"5a97cf3\" data-element_type=\"widget\" data-e-type=\"widget\" data-widget_type=\"elementskit-funfact.default\">\n\t\t\t\t<div class=\"elementor-widget-container\">\n\t\t\t\t\t<div class=\"ekit-wid-con\" >\n\t\t<div class=\"elementskit-funfact text-center\">\n\t\t\t\n\t\t\t<div class=\"elementskit-funfact-inner position_top\">\n\t\t\t\t\t\t\t\t\t<div class=\"funfact-icon\">\n\t\t\t\t\t\t\t\t\t\t\t<\/div>\n\t\t\t\t\n\t\t\t\t<div class=\"funfact-content\">\n\t\t\t\t\t<div class=\"number-percentage-wraper\">\n\t\t\t\t\t\t\t\t\t\t\t\t<span class=\"number-percentage\"\n\t\t\t\t\t\t      data-value=\"99\"\n\t\t\t\t\t\t      data-animation-duration=\"3500\"\n\t\t\t\t\t\t\t  data-style=\"static\">0<\/span>\n\t\t\t\t\t\t%\t\t\t\t\t\t\t\t\t\t\t<\/div>\n\n\t\t\t\t\t<span class=\"funfact-title\">Projekterfolgs<\/span>\t\t\t\t\t\t\t\t<\/div>\n\t\t<\/div>\n\t\t<\/div>\n\n\n\t\t<\/div>\t\t\t\t<\/div>\n\t\t\t\t<\/div>\n\t\t\t\t<\/div>\n\t\t\t\t\t<\/div>\n\t\t\t\t<\/div>\n\t\t\t\t<\/div>","protected":false},"excerpt":{"rendered":"<p>\u00dcber uns \u00dcber Dies ist eine Beispielseite. Anders als Beitr\u00e4ge, die auf der Startseite deines Blogs in der Reihenfolge ihrer [&hellip;]<\/p>","protected":false},"author":1,"featured_media":0,"parent":0,"menu_order":0,"comment_status":"closed","ping_status":"closed","template":"elementor_header_footer","meta":{"site-sidebar-layout":"no-sidebar","site-content-layout":"","ast-site-content-layout":"full-width-container","site-content-style":"default","site-sidebar-style":"default","ast-global-header-display":"","ast-banner-title-visibility":"","ast-main-header-display":"","ast-hfb-above-header-display":"","ast-hfb-below-header-display":"","ast-hfb-mobile-header-display":"","site-post-title":"disabled","ast-breadcrumbs-content":"","ast-featured-img":"disabled","footer-sml-layout":"","ast-disable-related-posts":"","theme-transparent-header-meta":"","adv-header-id-meta":"","stick-header-meta":"","header-above-stick-meta":"","header-main-stick-meta":"","header-below-stick-meta":"","astra-migrate-meta-layouts":"default","ast-page-background-enabled":"default","ast-page-background-meta":{"desktop":{"background-color":"var(--ast-global-color-5)","background-image":"","background-repeat":"repeat","background-position":"center center","background-size":"auto","background-attachment":"scroll","background-type":"","background-media":"","overlay-type":"","overlay-color":"","overlay-opacity":"","overlay-gradient":""},"tablet":{"background-color":"","background-image":"","background-repeat":"repeat","background-position":"center center","background-size":"auto","background-attachment":"scroll","background-type":"","background-media":"","overlay-type":"","overlay-color":"","overlay-opacity":"","overlay-gradient":""},"mobile":{"background-color":"","background-image":"","background-repeat":"repeat","background-position":"center center","background-size":"auto","background-attachment":"scroll","background-type":"","background-media":"","overlay-type":"","overlay-color":"","overlay-opacity":"","overlay-gradient":""}},"ast-content-background-meta":{"desktop":{"background-color":"var(--ast-global-color-4)","background-image":"","background-repeat":"repeat","background-position":"center center","background-size":"auto","background-attachment":"scroll","background-type":"","background-media":"","overlay-type":"","overlay-color":"","overlay-opacity":"","overlay-gradient":""},"tablet":{"background-color":"var(--ast-global-color-4)","background-image":"","background-repeat":"repeat","background-position":"center center","background-size":"auto","background-attachment":"scroll","background-type":"","background-media":"","overlay-type":"","overlay-color":"","overlay-opacity":"","overlay-gradient":""},"mobile":{"background-color":"var(--ast-global-color-4)","background-image":"","background-repeat":"repeat","background-position":"center center","background-size":"auto","background-attachment":"scroll","background-type":"","background-media":"","overlay-type":"","overlay-color":"","overlay-opacity":"","overlay-gradient":""}},"footnotes":""},"class_list":["post-27","page","type-page","status-publish","hentry"],"yoast_head":"<!-- This site is optimized with the Yoast SEO plugin v27.4 - https:\/\/yoast.com\/product\/yoast-seo-wordpress\/ -->\n<title>\u00dcber uns - Impact Marketing<\/title>\n<meta name=\"robots\" content=\"index, follow, max-snippet:-1, max-image-preview:large, max-video-preview:-1\" \/>\n<link rel=\"canonical\" href=\"https:\/\/impact-marketing-berlin.de\/de\/about\/\" \/>\n<meta property=\"og:locale\" content=\"de_DE\" \/>\n<meta property=\"og:type\" content=\"article\" \/>\n<meta property=\"og:title\" content=\"\u00dcber uns - Impact Marketing\" \/>\n<meta property=\"og:description\" content=\"\u00dcber uns \u00dcber Dies ist eine Beispielseite. Anders als Beitr\u00e4ge, die auf der Startseite deines Blogs in der Reihenfolge ihrer [&hellip;]\" \/>\n<meta property=\"og:url\" content=\"https:\/\/impact-marketing-berlin.de\/de\/about\/\" \/>\n<meta property=\"og:site_name\" content=\"Impact Marketing\" \/>\n<meta property=\"article:modified_time\" content=\"2025-06-17T10:08:35+00:00\" \/>\n<meta property=\"og:image\" content=\"https:\/\/impact-marketing-berlin.de\/wp-content\/uploads\/2025\/04\/10years-1.png\" \/>\n<meta name=\"twitter:card\" content=\"summary_large_image\" \/>\n<script type=\"application\/ld+json\" class=\"yoast-schema-graph\">{\"@context\":\"https:\\\/\\\/schema.org\",\"@graph\":[{\"@type\":\"WebPage\",\"@id\":\"https:\\\/\\\/impact-marketing-berlin.de\\\/about\\\/\",\"url\":\"https:\\\/\\\/impact-marketing-berlin.de\\\/about\\\/\",\"name\":\"\u00dcber uns - Impact Marketing\",\"isPartOf\":{\"@id\":\"https:\\\/\\\/impact-marketing-berlin.de\\\/#website\"},\"primaryImageOfPage\":{\"@id\":\"https:\\\/\\\/impact-marketing-berlin.de\\\/about\\\/#primaryimage\"},\"image\":{\"@id\":\"https:\\\/\\\/impact-marketing-berlin.de\\\/about\\\/#primaryimage\"},\"thumbnailUrl\":\"https:\\\/\\\/impact-marketing-berlin.de\\\/wp-content\\\/uploads\\\/2025\\\/04\\\/10years-1.png\",\"datePublished\":\"2025-04-25T13:14:01+00:00\",\"dateModified\":\"2025-06-17T10:08:35+00:00\",\"breadcrumb\":{\"@id\":\"https:\\\/\\\/impact-marketing-berlin.de\\\/about\\\/#breadcrumb\"},\"inLanguage\":\"de\",\"potentialAction\":[{\"@type\":\"ReadAction\",\"target\":[\"https:\\\/\\\/impact-marketing-berlin.de\\\/about\\\/\"]}]},{\"@type\":\"ImageObject\",\"inLanguage\":\"de\",\"@id\":\"https:\\\/\\\/impact-marketing-berlin.de\\\/about\\\/#primaryimage\",\"url\":\"https:\\\/\\\/impact-marketing-berlin.de\\\/wp-content\\\/uploads\\\/2025\\\/04\\\/10years-1.png\",\"contentUrl\":\"https:\\\/\\\/impact-marketing-berlin.de\\\/wp-content\\\/uploads\\\/2025\\\/04\\\/10years-1.png\"},{\"@type\":\"BreadcrumbList\",\"@id\":\"https:\\\/\\\/impact-marketing-berlin.de\\\/about\\\/#breadcrumb\",\"itemListElement\":[{\"@type\":\"ListItem\",\"position\":1,\"name\":\"Startseite\",\"item\":\"https:\\\/\\\/impact-marketing-berlin.de\\\/\"},{\"@type\":\"ListItem\",\"position\":2,\"name\":\"\u00dcber uns\"}]},{\"@type\":\"WebSite\",\"@id\":\"https:\\\/\\\/impact-marketing-berlin.de\\\/#website\",\"url\":\"https:\\\/\\\/impact-marketing-berlin.de\\\/\",\"name\":\"Impact Marketing\",\"description\":\"\",\"potentialAction\":[{\"@type\":\"SearchAction\",\"target\":{\"@type\":\"EntryPoint\",\"urlTemplate\":\"https:\\\/\\\/impact-marketing-berlin.de\\\/?s={search_term_string}\"},\"query-input\":{\"@type\":\"PropertyValueSpecification\",\"valueRequired\":true,\"valueName\":\"search_term_string\"}}],\"inLanguage\":\"de\"}]}<\/script>\n<!-- \/ Yoast SEO plugin. -->","yoast_head_json":{"title":"\u00dcber uns - Impact Marketing","robots":{"index":"index","follow":"follow","max-snippet":"max-snippet:-1","max-image-preview":"max-image-preview:large","max-video-preview":"max-video-preview:-1"},"canonical":"https:\/\/impact-marketing-berlin.de\/de\/about\/","og_locale":"de_DE","og_type":"article","og_title":"\u00dcber uns - Impact Marketing","og_description":"\u00dcber uns \u00dcber Dies ist eine Beispielseite. Anders als Beitr\u00e4ge, die auf der Startseite deines Blogs in der Reihenfolge ihrer [&hellip;]","og_url":"https:\/\/impact-marketing-berlin.de\/de\/about\/","og_site_name":"Impact Marketing","article_modified_time":"2025-06-17T10:08:35+00:00","og_image":[{"url":"https:\/\/impact-marketing-berlin.de\/wp-content\/uploads\/2025\/04\/10years-1.png","type":"","width":"","height":""}],"twitter_card":"summary_large_image","schema":{"@context":"https:\/\/schema.org","@graph":[{"@type":"WebPage","@id":"https:\/\/impact-marketing-berlin.de\/about\/","url":"https:\/\/impact-marketing-berlin.de\/about\/","name":"\u00dcber uns - Impact Marketing","isPartOf":{"@id":"https:\/\/impact-marketing-berlin.de\/#website"},"primaryImageOfPage":{"@id":"https:\/\/impact-marketing-berlin.de\/about\/#primaryimage"},"image":{"@id":"https:\/\/impact-marketing-berlin.de\/about\/#primaryimage"},"thumbnailUrl":"https:\/\/impact-marketing-berlin.de\/wp-content\/uploads\/2025\/04\/10years-1.png","datePublished":"2025-04-25T13:14:01+00:00","dateModified":"2025-06-17T10:08:35+00:00","breadcrumb":{"@id":"https:\/\/impact-marketing-berlin.de\/about\/#breadcrumb"},"inLanguage":"de","potentialAction":[{"@type":"ReadAction","target":["https:\/\/impact-marketing-berlin.de\/about\/"]}]},{"@type":"ImageObject","inLanguage":"de","@id":"https:\/\/impact-marketing-berlin.de\/about\/#primaryimage","url":"https:\/\/impact-marketing-berlin.de\/wp-content\/uploads\/2025\/04\/10years-1.png","contentUrl":"https:\/\/impact-marketing-berlin.de\/wp-content\/uploads\/2025\/04\/10years-1.png"},{"@type":"BreadcrumbList","@id":"https:\/\/impact-marketing-berlin.de\/about\/#breadcrumb","itemListElement":[{"@type":"ListItem","position":1,"name":"Startseite","item":"https:\/\/impact-marketing-berlin.de\/"},{"@type":"ListItem","position":2,"name":"\u00dcber uns"}]},{"@type":"WebSite","@id":"https:\/\/impact-marketing-berlin.de\/#website","url":"https:\/\/impact-marketing-berlin.de\/","name":"Impact Marketing","description":"","potentialAction":[{"@type":"SearchAction","target":{"@type":"EntryPoint","urlTemplate":"https:\/\/impact-marketing-berlin.de\/?s={search_term_string}"},"query-input":{"@type":"PropertyValueSpecification","valueRequired":true,"valueName":"search_term_string"}}],"inLanguage":"de"}]}},"_links":{"self":[{"href":"https:\/\/impact-marketing-berlin.de\/de\/wp-json\/wp\/v2\/pages\/27","targetHints":{"allow":["GET"]}}],"collection":[{"href":"https:\/\/impact-marketing-berlin.de\/de\/wp-json\/wp\/v2\/pages"}],"about":[{"href":"https:\/\/impact-marketing-berlin.de\/de\/wp-json\/wp\/v2\/types\/page"}],"author":[{"embeddable":true,"href":"https:\/\/impact-marketing-berlin.de\/de\/wp-json\/wp\/v2\/users\/1"}],"replies":[{"embeddable":true,"href":"https:\/\/impact-marketing-berlin.de\/de\/wp-json\/wp\/v2\/comments?post=27"}],"version-history":[{"count":19,"href":"https:\/\/impact-marketing-berlin.de\/de\/wp-json\/wp\/v2\/pages\/27\/revisions"}],"predecessor-version":[{"id":583,"href":"https:\/\/impact-marketing-berlin.de\/de\/wp-json\/wp\/v2\/pages\/27\/revisions\/583"}],"wp:attachment":[{"href":"https:\/\/impact-marketing-berlin.de\/de\/wp-json\/wp\/v2\/media?parent=27"}],"curies":[{"name":"wp","href":"https:\/\/api.w.org\/{rel}","templated":true}]}}